{"id":2501,"date":"2023-07-17T17:15:20","date_gmt":"2023-07-17T17:15:20","guid":{"rendered":"https:\/\/activacomunicacion.com\/?page_id=2501"},"modified":"2023-07-18T14:03:54","modified_gmt":"2023-07-18T14:03:54","slug":"politica-de-privacidad","status":"publish","type":"page","link":"https:\/\/www.activacomunicacion.com\/index.php\/politica-de-privacidad\/","title":{"rendered":"Pol\u00edtica de Privacidad"},"content":{"rendered":"<p>[et_pb_section fb_built=\u00bb1&#8243; prev_background_color=\u00bb#1C3A68&#8243; _builder_version=\u00bb4.21.0&#8243; _module_preset=\u00bbdefault\u00bb custom_padding=\u00bb||2px|||\u00bb top_divider_style=\u00bbarrow\u00bb top_divider_height=\u00bb60px\u00bb global_colors_info=\u00bb{}\u00bb][et_pb_row _builder_version=\u00bb4.21.0&#8243; _module_preset=\u00bbdefault\u00bb global_colors_info=\u00bb{}\u00bb][et_pb_column type=\u00bb4_4&#8243; _builder_version=\u00bb4.21.0&#8243; _module_preset=\u00bbdefault\u00bb global_colors_info=\u00bb{}\u00bb][et_pb_text _builder_version=\u00bb4.21.0&#8243; _module_preset=\u00bbdefault\u00bb text_font=\u00bb|300||on|||||\u00bb text_font_size=\u00bb19px\u00bb text_letter_spacing=\u00bb4px\u00bb global_colors_info=\u00bb{}\u00bb]<\/p>\n<p style=\"text-align: center;\">Pol\u00edtica de Privacidad<\/p>\n<p>[\/et_pb_text][\/et_pb_column][\/et_pb_row][\/et_pb_section][et_pb_section fb_built=\u00bb1&#8243; _builder_version=\u00bb4.21.0&#8243; _module_preset=\u00bbdefault\u00bb custom_padding=\u00bb2px|||||\u00bb global_colors_info=\u00bb{}\u00bb][et_pb_row _builder_version=\u00bb4.21.0&#8243; _module_preset=\u00bbdefault\u00bb global_colors_info=\u00bb{}\u00bb][et_pb_column type=\u00bb4_4&#8243; _builder_version=\u00bb4.21.0&#8243; _module_preset=\u00bbdefault\u00bb global_colors_info=\u00bb{}\u00bb][et_pb_text _builder_version=\u00bb4.21.0&#8243; _module_preset=\u00bbdefault\u00bb global_colors_info=\u00bb{}\u00bb]<\/p>\n<h5 class=\"bold fusion-responsive-typography-calculated\" data-fontsize=\"20\" data-lineheight=\"28px\">1. DATOS DEL RESPONSABLE DEL TRATAMIENTO<\/h5>\n<div class=\"page\" title=\"Page 1\">\n<div class=\"layoutArea\">\n<div class=\"column\">\n<p><span><strong>Homero Andre Escobedo Rodas<\/strong><br \/><strong>DNI<\/strong>: <\/span>79114991M<br \/><strong>Domicilio<\/strong>: Urbanizaci\u00f3n Mirador de la Vega, n\u00ba 33- 34120 Carri\u00f3n de los Condes &#8211; Palencia &#8211; Espa\u00f1a<\/p>\n<\/div>\n<\/div>\n<\/div>\n<p><strong>Tel\u00e9fono<\/strong>: <span>659 18 57 20<\/span><br \/><strong>Email: <\/strong><a href=\"mailto:andrelabrador@hotmail.es\">andrelabrador@hotmail.es<\/a><\/p>\n<p class=\"bold\"><strong>1.1. Normativa aplicable<\/strong><\/p>\n<p>Nuestra Pol\u00edtica de Privacidad se ha dise\u00f1ado de acuerdo con el <strong>Reglamento General de Protecci\u00f3n de Datos de la UE 2016\/679 del Parlamento Europeo <\/strong>y del Consejo, de 27 de abril de 2016, relativo a la protecci\u00f3n de las personas f\u00edsicas en lo que respecta al tratamiento de datos personales y a la libre circulaci\u00f3n de estos datos y por el que se deroga la Directiva 95\/46\/CE (Reglamento general de protecci\u00f3n de datos), y la Ley Org\u00e1nica 3\/2018 del 5 de diciembre, de Protecci\u00f3n de Datos de Car\u00e1cter Personal y Garant\u00eda de los Derechos Digitales.<\/p>\n<p>Al facilitarnos sus datos, Usted declara haber le\u00eddo y conocer la presente Pol\u00edtica de Privacidad, prestando su consentimiento inequ\u00edvoco y expreso al tratamiento de sus datos personales de acuerdo a las finalidades y t\u00e9rminos aqu\u00ed expresados.<\/p>\n<p>La Empresa podr\u00e1 modificar la presente Pol\u00edtica de Privacidad para adaptarla a las novedades legislativas, jurisprudenciales o de interpretaci\u00f3n de la Agencia Espa\u00f1ola de Protecci\u00f3n de Datos. Estas condiciones de privacidad podr\u00e1n ser complementadas por el Aviso Legal, Pol\u00edtica de Cookies y las Condiciones Generales que, en su caso, se recojan para determinados productos o servicios, si dicho acceso supone alguna especialidad en materia de protecci\u00f3n de datos de car\u00e1cter personal.<\/p>\n<p class=\"bold\"><strong>1.2. Delegado de Protecci\u00f3n de Datos<\/strong><\/p>\n<p>No hay Delegado de Protecci\u00f3n de Datos designado.<\/p>\n<h5 class=\"bold fusion-responsive-typography-calculated\" data-fontsize=\"20\" data-lineheight=\"28px\">2. FINALIDAD DEL TRATAMIENTO DE LOS DATOS PERSONALES<\/h5>\n<p>El tratamiento que realizamos de sus datos personales responde a las siguientes finalidades:<\/p>\n<ul>\n<li>Proporcionarle informaci\u00f3n relacionada con los productos y servicios que ofrece nuestra empresa y que detallan en este web site.<\/li>\n<li>Realizar la contrataci\u00f3n de nuestros servicios mediante la aceptaci\u00f3n del correspondiente presupuesto \/ pedido y\/o la firma de un contrato mercantil.<\/li>\n<li>Enviarle por correo electr\u00f3nico y\/o postal las noticias y novedades acerca de nuestra entidad, as\u00ed como las actualizaciones de nuestro cat\u00e1logo de productos y servicios.<\/li>\n<\/ul>\n<p class=\"bold\"><strong>2.1. Plazo de Conservaci\u00f3n de sus datos<\/strong><\/p>\n<p>Conservaremos sus datos personales desde que nos d\u00e9 su consentimiento hasta que lo revoque o bien solicite la limitaci\u00f3n del tratamiento. En tales casos, mantendremos sus datos de manera bloqueada durante los plazos legalmente exigidos.<\/p>\n<h5 class=\"bold fusion-responsive-typography-calculated\" data-fontsize=\"20\" data-lineheight=\"28px\"><\/h5>\n<h5 class=\"bold fusion-responsive-typography-calculated\" data-fontsize=\"20\" data-lineheight=\"28px\">3. LEGITIMACI\u00d3N Y DATOS RECABADOS<\/h5>\n<p>La legitimaci\u00f3n para el tratamiento de sus datos es el consentimiento expreso otorgado mediante un acto positivo y afirmativo (rellenar el formulario correspondiente y marcar la casilla de aceptaci\u00f3n de esta pol\u00edtica) en el momento de facilitarnos sus datos personales.<\/p>\n<p class=\"bold\"><strong>3.1. Consentimiento para tratar sus datos<\/strong><\/p>\n<p>Al rellenar los formularios, marcar la casilla \u201cAcepto la Pol\u00edtica de Privacidad\u201d y hacer clic para enviar los datos, o al remitir correos electr\u00f3nicos a la Empresa a trav\u00e9s de las cuentas habilitadas al efecto, el Usuario manifiesta haber le\u00eddo y aceptado expresamente la presente pol\u00edtica de privacidad, y otorga su consentimiento inequ\u00edvoco y expreso al tratamiento de sus datos personales conforme a las finalidades indicadas.<\/p>\n<p class=\"bold\"><strong>3.2. Categor\u00edas de datos<\/strong><\/p>\n<p>Los datos que se recaban se refieren a la categor\u00eda de datos identificativos, como pueden ser: Nombre y Apellidos, Tel\u00e9fono, Direcci\u00f3n Postal, Empresa, Correo electr\u00f3nico, as\u00ed como la direcci\u00f3n IP desde donde accede al formulario de recogida de datos.<\/p>\n<h5 class=\"bold fusion-responsive-typography-calculated\" data-fontsize=\"20\" data-lineheight=\"28px\">4. MEDIDAS DE SEGURIDAD<\/h5>\n<p>Dentro de nuestro compromiso por garantizar la seguridad y confidencialidad de sus datos de car\u00e1cter personal, le informamos que se han adoptado las medidas de \u00edndole t\u00e9cnica y organizativas necesarias para garantizar la seguridad de los datos de car\u00e1cter personal y evitar su alteraci\u00f3n, p\u00e9rdida, tratamiento o acceso no autorizado, habida cuenta del estado de la tecnolog\u00eda, la naturaleza de los datos almacenados y los riesgos a que est\u00e9n expuestos, seg\u00fan el Art. 32 del RGPD EU 679\/2016.<\/p>\n<h5 class=\"bold fusion-responsive-typography-calculated\" data-fontsize=\"20\" data-lineheight=\"28px\">5. CESI\u00d3N DE DATOS<\/h5>\n<p>No se prev\u00e9n cesiones de datos ni transferencias internacionales de sus datos, a excepci\u00f3n de las autorizadas por la legislaci\u00f3n fiscal, mercantil y de telecomunicaciones as\u00ed como en aquellos casos en los que una autoridad judicial nos lo requiera.<\/p>\n<h5 class=\"bold fusion-responsive-typography-calculated\" data-fontsize=\"20\" data-lineheight=\"28px\"><\/h5>\n<h5 class=\"bold fusion-responsive-typography-calculated\" data-fontsize=\"20\" data-lineheight=\"28px\">6. DERECHOS DEL USUARIO<\/h5>\n<p>Cualquier interesado tiene derecho a obtener confirmaci\u00f3n sobre si estamos tratando datos personales que le conciernan, o no. Las personas interesadas tienen derecho a acceder a sus datos personales, as\u00ed como a solicitar la rectificaci\u00f3n de los datos inexactos o, en su caso, solicitar su supresi\u00f3n cuando, entre otros motivos, los datos ya no sean necesarios para los fines que fueron recogidos. En determinadas circunstancias, los interesados podr\u00e1n solicitar la limitaci\u00f3n del tratamiento de sus datos, en cuyo caso \u00fanicamente los conservaremos para el ejercicio o la defensa de reclamaciones. Por motivos relacionados con su situaci\u00f3n particular, los interesados podr\u00e1n oponerse al tratamiento de sus datos. El Responsable del fichero dejar\u00e1 de tratar los datos, salvo por motivos leg\u00edtimos imperiosos, o el ejercicio o la defensa de posibles reclamaciones.<\/p>\n<p>De acuerdo con la legislaci\u00f3n vigente tiene los siguientes derechos: derecho a solicitar el acceso a sus datos personales, derecho a solicitar su rectificaci\u00f3n o supresi\u00f3n, derecho a solicitar la limitaci\u00f3n de su tratamiento, derecho a oponerse al tratamiento, derecho a la portabilidad de los datos y as\u00ed mismo, a revocar el consentimiento otorgado. Asimismo, tiene derecho a presentar una reclamaci\u00f3n ante la Agencia Espa\u00f1ola de Protecci\u00f3n de Datos.<\/p>\n<p class=\"bold\"><strong>6.1. \u00bfC\u00f3mo ejercitar mis derechos?<\/strong><\/p>\n<p>Para ejercer sus derechos, debe dirigirse al responsable, solicitando el correspondiente formulario para el ejercicio del derecho elegido. Opcionalmente, puede acudir a la Autoridad de Control competente para obtener informaci\u00f3n adicional acerca de sus derechos. El correo electr\u00f3nico de contacto para el ejercicio de sus derechos es: <a href=\"mailto:andrelabrador@hotmail.es\">andrelabrador@hotmail.es<\/a>\u00a0Recuerde acompa\u00f1ar una copia de un documento que nos permita identificarle.<\/p>\n<h5 class=\"bold fusion-responsive-typography-calculated\" data-fontsize=\"20\" data-lineheight=\"28px\">7. CONSENTIMIENTO PARA ENV\u00cdO DE COMUNICACIONES ELECTR\u00d3NICAS<\/h5>\n<p>As\u00ed mismo, y de acuerdo con lo establecido en la Ley 34\/2002, de 11 de julio, de Servicios de la Sociedad de la Informaci\u00f3n y del Comercio Electr\u00f3nico, completando el formulario de recogida de datos y marcando la correspondiente casilla \u201cAcepto el env\u00edo de comunicaciones electr\u00f3nicas\u201d, est\u00e1 otorgando el consentimiento expreso para enviarle a su direcci\u00f3n de correo electr\u00f3nico, tel\u00e9fono, fax u otro medio electr\u00f3nico en env\u00edo de informaci\u00f3n acerca de la Empresa.<\/p>\n<p>[\/et_pb_text][\/et_pb_column][\/et_pb_row][\/et_pb_section]<\/p>\n","protected":false},"excerpt":{"rendered":"<p>Pol\u00edtica de Privacidad1. DATOS DEL RESPONSABLE DEL TRATAMIENTO Homero Andre Escobedo RodasDNI: 79114991MDomicilio: Urbanizaci\u00f3n Mirador de la Vega, n\u00ba 33- 34120 Carri\u00f3n de los Condes &#8211; Palencia &#8211; Espa\u00f1a Tel\u00e9fono: 659 18 57 20Email: andrelabrador@hotmail.es 1.1. Normativa aplicable Nuestra Pol\u00edtica de Privacidad se ha dise\u00f1ado de acuerdo con el Reglamento General de Protecci\u00f3n de Datos [&hellip;]<\/p>\n","protected":false},"author":2,"featured_media":0,"parent":0,"menu_order":0,"comment_status":"closed","ping_status":"closed","template":"","meta":{"_et_pb_use_builder":"on","_et_pb_old_content":"","_et_gb_content_width":"","footnotes":""},"class_list":["post-2501","page","type-page","status-publish","hentry"],"_links":{"self":[{"href":"https:\/\/www.activacomunicacion.com\/index.php\/wp-json\/wp\/v2\/pages\/2501","targetHints":{"allow":["GET"]}}],"collection":[{"href":"https:\/\/www.activacomunicacion.com\/index.php\/wp-json\/wp\/v2\/pages"}],"about":[{"href":"https:\/\/www.activacomunicacion.com\/index.php\/wp-json\/wp\/v2\/types\/page"}],"author":[{"embeddable":true,"href":"https:\/\/www.activacomunicacion.com\/index.php\/wp-json\/wp\/v2\/users\/2"}],"replies":[{"embeddable":true,"href":"https:\/\/www.activacomunicacion.com\/index.php\/wp-json\/wp\/v2\/comments?post=2501"}],"version-history":[{"count":5,"href":"https:\/\/www.activacomunicacion.com\/index.php\/wp-json\/wp\/v2\/pages\/2501\/revisions"}],"predecessor-version":[{"id":2647,"href":"https:\/\/www.activacomunicacion.com\/index.php\/wp-json\/wp\/v2\/pages\/2501\/revisions\/2647"}],"wp:attachment":[{"href":"https:\/\/www.activacomunicacion.com\/index.php\/wp-json\/wp\/v2\/media?parent=2501"}],"curies":[{"name":"wp","href":"https:\/\/api.w.org\/{rel}","templated":true}]}}