{"id":2648,"date":"2023-07-18T14:05:00","date_gmt":"2023-07-18T14:05:00","guid":{"rendered":"https:\/\/activacomunicacion.com\/?page_id=2648"},"modified":"2023-07-18T14:08:29","modified_gmt":"2023-07-18T14:08:29","slug":"politica-de-cookies","status":"publish","type":"page","link":"https:\/\/www.activacomunicacion.com\/index.php\/politica-de-cookies\/","title":{"rendered":"Pol\u00edtica de Cookies"},"content":{"rendered":"<p>[et_pb_section fb_built=\u00bb1&#8243; prev_background_color=\u00bb#1C3A68&#8243; _builder_version=\u00bb4.21.0&#8243; _module_preset=\u00bbdefault\u00bb custom_padding=\u00bb||2px|||\u00bb top_divider_style=\u00bbarrow\u00bb top_divider_height=\u00bb60px\u00bb global_colors_info=\u00bb{}\u00bb theme_builder_area=\u00bbpost_content\u00bb][et_pb_row _builder_version=\u00bb4.21.0&#8243; _module_preset=\u00bbdefault\u00bb global_colors_info=\u00bb{}\u00bb theme_builder_area=\u00bbpost_content\u00bb][et_pb_column type=\u00bb4_4&#8243; _builder_version=\u00bb4.21.0&#8243; _module_preset=\u00bbdefault\u00bb global_colors_info=\u00bb{}\u00bb theme_builder_area=\u00bbpost_content\u00bb][et_pb_text _builder_version=\u00bb4.21.0&#8243; _module_preset=\u00bbdefault\u00bb text_font=\u00bb|300||on|||||\u00bb text_font_size=\u00bb19px\u00bb text_letter_spacing=\u00bb4px\u00bb hover_enabled=\u00bb0&#8243; global_colors_info=\u00bb{}\u00bb theme_builder_area=\u00bbpost_content\u00bb custom_margin=\u00bb10px||||false|false\u00bb sticky_enabled=\u00bb0&#8243;]<\/p>\n<p style=\"text-align: center;\">Pol\u00edtica de Cookies<\/p>\n<p>[\/et_pb_text][\/et_pb_column][\/et_pb_row][\/et_pb_section][et_pb_section fb_built=\u00bb1&#8243; _builder_version=\u00bb4.21.0&#8243; _module_preset=\u00bbdefault\u00bb custom_padding=\u00bb2px|||||\u00bb global_colors_info=\u00bb{}\u00bb theme_builder_area=\u00bbpost_content\u00bb][et_pb_row _builder_version=\u00bb4.21.0&#8243; _module_preset=\u00bbdefault\u00bb global_colors_info=\u00bb{}\u00bb theme_builder_area=\u00bbpost_content\u00bb][et_pb_column type=\u00bb4_4&#8243; _builder_version=\u00bb4.21.0&#8243; _module_preset=\u00bbdefault\u00bb global_colors_info=\u00bb{}\u00bb theme_builder_area=\u00bbpost_content\u00bb][et_pb_text _builder_version=\u00bb4.21.0&#8243; _module_preset=\u00bbdefault\u00bb hover_enabled=\u00bb0&#8243; global_colors_info=\u00bb{}\u00bb theme_builder_area=\u00bbpost_content\u00bb sticky_enabled=\u00bb0&#8243;]<\/p>\n<div class=\"page\" title=\"Page 1\">\n<div class=\"layoutArea\">\n<div class=\"column\">\n<h6 data-fontsize=\"25\" data-lineheight=\"30px\" class=\"fusion-responsive-typography-calculated\">Informaci\u00f3n sobre cookies<\/h6>\n<p>El dominio www.activacomunicacion.com utiliza procedimientos autom\u00e1ticos de recogida (Cookies) para reunir informaci\u00f3n personal como puede ser el tipo de navegador o sistema operativo, p\u00e1gina de referencia, ruta, dominio ISP (Proveedor de Internet), etc. todo ello con el fin de mejorar los servicios prestados. Las Cookies nos ayudan a adaptar esta p\u00e1gina web a sus necesidades personales.<\/p>\n<p><strong>\u00bfQui\u00e9n es el responsable del tratamiento de tus datos personales?<\/strong><\/p>\n<p><span lang=\"EN-US\"><span><strong>Homero Andre Escobedo Rodas<\/strong><br \/><strong>DNI<\/strong>: <\/span>79114991M<br \/><strong>Domicilio<\/strong>: Urbanizaci\u00f3n Mirador de la Vega, n\u00ba 33- 34120 Carri\u00f3n de los Condes &#8211; Palencia &#8211; Espa\u00f1a<br \/><strong>Tel\u00e9fono<\/strong>: 659 18 57 20<br \/><strong>Email: <\/strong><a href=\"mailto:andrelabrador@hotmail.es\">andrelabrador@hotmail.es<\/a><\/span><\/p>\n<p><strong>\u00bfQu\u00e9 son las cookies?<\/strong><\/p>\n<p>Una \u201cCookie\u201d es un pequeno archivo que se almacena en el ordenador del usuario y nos permite reconocerle. El conjunto de \u201ccookies\u201d nos ayuda a mejorar la calidad de nuestra web, permiti\u00e9ndonos as\u00ed personalizar hasta cierto punto la navegaci\u00f3n de cada usuario por nuestra web. Las cookies actualmente son esenciales para el funcionamiento de internet, aportando innumerables ventajas en la prestaci\u00f3n de servicios interactivos, facilit\u00e1ndole la navegaci\u00f3n y usabilidad de nuestra web.<br \/>Tenga en cuenta que las cookies no pueden da\u00f1ar su equipo y que, a cambio, el que est\u00e9n activadas nos ayudan a identificar y resolver los errores y mejorar la navegabilidad de nuestro sitio.<\/p>\n<p><strong>Tipolog\u00eda de cookies:<\/strong><\/p>\n<p>Para una mayor informaci\u00f3n del usuario sobre la tipolog\u00eda y uso de las cookies le informamos que:<\/p>\n<p>Desde el punto de vista de <strong>\u2018tiempo de vida\u2019 de la cookie<\/strong> (tiempo que la cookie permanece activa en nuestro equipo) podemos diferenciar las cookies entre:<\/p>\n<hr \/>\n<ol>\n<li><strong>Cookies de sesi\u00f3n<\/strong>: son cookies temporales que permanecen en el archivo de cookies de su navegador hasta que abandone la p\u00e1gina web, por lo que ninguna queda registrada en el disco duro del usuario. La informaci\u00f3n obtenida por medio de estas cookies, sirven para analizar pautas de tr\u00e1fico en la web. A la larga, esto nos permite proporcionar una mejor experiencia para mejorar el contenido y facilitando su uso.<\/li>\n<li><strong>Cookies permanentes:<\/strong> son almacenadas en el disco duro y nuestra web las lee cada vez que usted realiza una nueva visita. Una cookie permanente posee una fecha de expiraci\u00f3n determinada. La cookie dejar\u00e1 de funcionar despues de esa fecha. Las utilizamos, generalmente, para facilitar los servicios de compra y registro.<\/li>\n<\/ol>\n<p>Desde el punto de vista del<strong> uso de cada cookie<\/strong>, podemos diferenciar entre:<\/p>\n<hr \/>\n<p><strong>1.- Cookies Requeridas<\/strong>: son las cookies estrictamente necesarias como por ejemplo, aquellas que sirvan para una correcta navegacion o las que permitan realizar el pago de bienes o servicios solicitados por el usuario o cookies que sirvan para asegurar que el contenido de la p\u00e1gina web se carga eficazmente.<\/p>\n<p>Dentro de la categor\u00eda de cookies Requeridas se pueden encontrar tambi\u00e9n cookies con las siguientes finalidades:<\/p>\n<ul>\n<li>Permitir \u00fanicamente la comunicaci\u00f3n entre el equipo del usuario y la red.<\/li>\n<li>Estrictamente prestar un servicio expresamente solicitado por el usuario.<\/li>\n<\/ul>\n<p>En estos dos casos le informamos que no se requiere la informaci\u00f3n y el consentimiento del usuario para la instalaci\u00f3n de las referidas cookies. En concreto, seg\u00fan el Grupo de Trabajo de Expertos de la UE, en el Art\u00edculo 29 de su Dictamen 4\/20123 ha interpretado que entre las cookies exceptuadas estar\u00edan aquellas que tienen por finalidad:<\/p>\n<ul>\n<li>Cookies de \u201centrada del usuario\u201d<\/li>\n<li>Cookies de autenticaci\u00f3n o identificaci\u00f3n de usuario (\u00fanicamente de sesi\u00f3n)<\/li>\n<li>Cookies de seguridad del usuario<\/li>\n<li>Cookies de sesi\u00f3n de reproductor multimedia<\/li>\n<li>Cookies de sesi\u00f3n para equilibrar la carga<\/li>\n<li>Cookies de personalizaci\u00f3n de la interfaz de usuario<\/li>\n<li>Cookies de complemento (plug-in) para intercambiar contenidos sociales<\/li>\n<\/ul>\n<p><strong>Para todo el resto de cookies Requeridas no incluidas en los anteriores supuestos requerir\u00e1n la informaci\u00f3n previa y el consentimiento del usuario.<\/strong><\/p>\n<p><strong>2.- Cookies funcionales<\/strong>: Son cookies que ayudan al usuario a tener una mejor experiencia de la navegaci\u00f3n por el sitio. Un ejemplo de uso de este tipo de cookies son las que se utilizan para almacenar los datos de navegaci\u00f3n de un determinado idioma.<\/p>\n<p><strong>3.- Cookies anal\u00edticas<\/strong>: son cookies que nos permiten analizar el uso del Sitio web, de manera que podamos medir y mejorar el funcionamiento.<\/p>\n<p><strong>4.- Cookies de Publicidad y de Terceros<\/strong>: son las cookies usadas por redes sociales, o por complementos externos de contenido como google maps, como tambi\u00e9n cookies de empresas publicitarias para publicar anuncios relevantes para sus intereses.<\/p>\n<p><span lang=\"EN-US\"><span><strong>Homero Andre Escobedo Rodas<\/strong><\/span><\/span> guarda toda la informaci\u00f3n recogida a trav\u00e9s de las Cookies en un formato no personalizado (direcci\u00f3n de IP). Este tipo de informaci\u00f3n obtenida a trav\u00e9s de las Cookies no ser\u00e1 revelada fuera de <span lang=\"EN-US\"><span><strong>Homero Andre Escobedo Rodas<\/strong><\/span><\/span>, ni utilizada para comunicaciones no solicitadas.<\/p>\n<p>Seg\u00fan <strong>la propiedad<\/strong>, podemos diferenciar entre:<\/p>\n<hr \/>\n<ol>\n<li><strong>Cookies propias<\/strong>: son aquellas que se env\u00edan al equipo terminal del usuario desde un equipo o dominio gestionado por el propio editor y desde el que se presta el servicio solicitado por el usuario.<\/li>\n<li><strong>Cookies de terceros<\/strong>: son aquellas que se env\u00edan al equipo terminal del usuario desde un equipo o dominio que no es gestionado por el editor, sino por otra entidad que trata los datos obtenidos trav\u00e9s de las cookies.<\/li>\n<\/ol>\n<p><strong>Privacidad adecuada \u2013 Gesti\u00f3n de cookies:<\/strong><\/p>\n<p>En caso que el usuario lo quisiera, el registro de las cookies podr\u00e1 estar sujeto a su aceptaci\u00f3n durante la instalaci\u00f3n o puesta al d\u00eda del navegador usado. El usuario puede en todo momento revocar su aceptaci\u00f3n mediante las opciones de configuraci\u00f3n de contenidos y privacidad disponibles en cada navegador. No obstante, en caso que el usuario no permita la instalaci\u00f3n de cookies en su navegador es posible que no pueda acceder a alguna de las secciones de nuestro sitio web.<\/p>\n<p>Para mas informaci\u00f3n sobre la configuraci\u00f3n apropiada de las cookies y las opciones de activaci\u00f3n, restricci\u00f3n y\/o inhabilitaci\u00f3n se debe acudir en la secci\u00f3n de ayuda de su navegador para conocer m\u00e1s:<\/p>\n<ul>\n<li>M\u00e1s informaci\u00f3n sobre como bloquear el uso de las cookies en <a href=\"https:\/\/support.google.com\/chrome\/answer\/95647?hl=es\" target=\"_blank\" rel=\"noopener noreferrer\">Google Chrome<\/a><\/li>\n<li>M\u00e1s informaci\u00f3n sobre como bloquear el uso de las cookies en <a href=\"http:\/\/support.mozilla.org\/es\/kb\/habilitar-y-deshabilitar-cookies-que-los-sitios-we?esab=a&amp;s=cookies&amp;r=7&amp;as=s\" target=\"_blank\" rel=\"noopener noreferrer\">Firefox<\/a><\/li>\n<li>M\u00e1s informaci\u00f3n sobre como bloquear el uso de las cookies en <a href=\"http:\/\/windows.microsoft.com\/es-es\/windows7\/how-to-manage-cookies-in-internet-explorer-9\" target=\"_blank\" rel=\"noopener noreferrer\">Internet Explorer<\/a><\/li>\n<li>M\u00e1s informaci\u00f3n sobre como bloquear el uso de las cookies en <a href=\"http:\/\/support.apple.com\/kb\/ht1677?viewlocale=es_es\" target=\"_blank\" rel=\"noopener noreferrer\">Safari<\/a><\/li>\n<li>M\u00e1s informaci\u00f3n sobre como bloquear el uso de las cookies en <a href=\"http:\/\/docs.blackberry.com\/en\/smartphone_users\/deliverables\/32004\/turn_off_cookies_in_the_browser_60_1072866_11.jsp\" target=\"_blank\" rel=\"noopener noreferrer\">Blackberry<\/a><\/li>\n<li>M\u00e1s informaci\u00f3n sobre como bloquear el uso de las cookies en <a href=\"http:\/\/www.windowsphone.com\/en-us\/how-to\/wp7\/web\/changing-privacy-and-other-browser-settings\" target=\"_blank\" rel=\"noopener noreferrer\">WindowsPhone<\/a><\/li>\n<\/ul>\n<p>Muchos navegadores permiten activar un modo privado mediante el cual las cookies se borran siempre despu\u00e9s de su visita. Dependiendo de cada navegador este modo privado, puede tener diferentes nombres. A continuaci\u00f3n encontrar\u00e1 una lista de los navegadores m\u00e1s comunes y los diferentes nombres de este \u201cmodo privado\u201d:<\/p>\n<ul>\n<li>Internet Explorer 8 y superior; InPrivate<\/li>\n<li>Safari 2 y superior; Navegaci\u00f3n Privada<\/li>\n<li>Opera 10.5 y superior; Navegaci\u00f3n Privada<\/li>\n<li>FireFox 3.5 y superior; Navegaci\u00f3n Privada<\/li>\n<li>Google Chrome 10 y superior; Inc\u00f3gnito<\/li>\n<\/ul>\n<p><strong>Cookies propias que se utilizan en este sitio web<\/strong><\/p>\n<p><strong>PHPSESSID<\/strong>: cookie t\u00e9cnica y estrictamente necesaria que contiene el identificador de la sesi\u00f3n. Se elimina al cerrar el navegador.<\/p>\n<p><strong>ac_cookies<\/strong>: cookie t\u00e9cnica y estrictamente necesaria que contiene el valor de si se ha aceptado la instalaci\u00f3n de cookies. Caduca en 1 a\u00f1o desde la \u00faltima actualizaci\u00f3n.<\/p>\n<p><strong>_ga<\/strong>: cookie de Google Analytics que habilita la funci\u00f3n de control de visitas \u00fanicas. La primera vez que un usuario entre en el sitio web a trav\u00e9s de un navegador se instalar\u00e1 esta cookie. Cuando este usuario vuelva a entrar en la web con el mismo navegador, la cookie considerar\u00e1 que es el mismo usuario. Solo en el caso de que el usuario cambie de navegador, se considerar\u00e1 otro usuario. Caduca a los 2 a\u00f1os desde la \u00faltima actualizaci\u00f3n. M\u00e1s informaci\u00f3n del tratamiento realizado por Google Analytics aqu\u00ed.<\/p>\n<p><strong>_gid<\/strong>: Esta cookie se asocia con Google Analytics. Se utiliza para distinguir a los usuarios. Caduca a las 24 h.<\/p>\n<ul>\n<li>Para conocer m\u00e1s sobre las cookies de Google Analytics puede visitar la siguiente p\u00e1gina: <a href=\"https:\/\/policies.google.com\/technologies\/cookies?hl=es\" target=\"_blank\" rel=\"noopener\">https:\/\/policies.google.com\/technologies\/cookies?hl=es<\/a> Puede desactivar las cookies de Google Analytics a trav\u00e9s del siguiente enlace: <a href=\"https:\/\/tools.google.com\/dlpage\/gaoptout\" target=\"_blank\" rel=\"noopener\">https:\/\/tools.google.com\/dlpage\/gaoptout<\/a><\/li>\n<li>Para m\u00e1s informaci\u00f3n sobre cookies y sus derechos como usuario puede consultar la Gu\u00eda sobre el uso de cookies elaborada por la Agencia Espa\u00f1ola de Protecci\u00f3n de Datos con la colaboraci\u00f3n de las asociaciones ADIGITAL, Anunciantes, AUTOCONTROL e IAB Spain: <a href=\"https:\/\/www.aepd.es\/media\/guias\/guia-cookies.pdf\" target=\"_blank\" rel=\"noopener\">https:\/\/www.aepd.es\/media\/guias\/guia-cookies.pdf<\/a><\/li>\n<\/ul>\n<p><strong>Cookies de terceros no controladas por el editor <\/strong>(Google, Youtube, Cloudflare, Bizible, etc.)<\/p>\n<p>Los servicios de terceros son ajenos al control del editor. Los proveedores pueden modificar en todo momento sus condiciones de servicio, finalidad y utilizaci\u00f3n de las cookies, etc. Algunas de nuestras p\u00e1ginas del sitio web muestran contenido de proveedores externos, como YouTube, Facebook, Twitter, LinkedIn, etc.<\/p>\n<p>Para acceder a los contenidos de terceros, los usuarios deben aceptar previamente las condiciones que estos aplican (entre las que se incluyen sus pol\u00edticas de cookies, ajenas a nuestro control). Si los usuarios optan por no acceder a esos contenidos, estas cookies de terceros no se instalan en sus dispositivos.<\/p>\n<p><strong>Proveedores externos de este sitio web:<\/strong><\/p>\n<p><a href=\"https:\/\/www.youtube.com\/t\/terms\" target=\"_blank\" rel=\"noopener noreferrer\">YouTube<\/a><br \/><a href=\"https:\/\/archive.org\/about\/terms.php\" target=\"_blank\" rel=\"noopener noreferrer\">Internet Archive<\/a><br \/><a href=\"https:\/\/www.google.com\/intl\/en_be\/help\/terms_maps\/\" target=\"_blank\" rel=\"noopener noreferrer\">Google Maps<\/a><br \/><a href=\"https:\/\/twitter.com\/en\/tos#intlTerms\" target=\"_blank\" rel=\"noopener noreferrer\">Twitter<\/a><br \/><a href=\"https:\/\/vimeo.com\/terms\" target=\"_blank\" rel=\"noopener noreferrer\">Vimeo<\/a><br \/><a href=\"https:\/\/www.microsoft.com\/en\/servicesagreement\/\" target=\"_blank\" rel=\"noopener noreferrer\">Microsoft<\/a><br \/><a href=\"https:\/\/www.facebook.com\/legal\/terms\" target=\"_blank\" rel=\"noopener noreferrer\">Facebook<\/a><br \/><a href=\"https:\/\/policies.google.com\/terms?hl=en&amp;gl=be\" target=\"_blank\" rel=\"noopener noreferrer\">Google<\/a><br \/><a href=\"https:\/\/www.linkedin.com\/legal\/user-agreement\" target=\"_blank\" rel=\"noopener noreferrer\">LinkedIn<\/a><br \/><a href=\"https:\/\/vimeo.com\/terms\" target=\"_blank\" rel=\"noopener noreferrer\">Livestream<\/a><br \/><a href=\"https:\/\/soundcloud.com\/pages\/privacy\" target=\"_blank\" rel=\"noopener noreferrer\">SoundCloud<\/a><\/p>\n<p><strong>C\u00f3mo eliminar las cookies de los navegadores m\u00e1s comunes<\/strong><\/p>\n<table>\n<tbody>\n<tr>\n<td align=\"left\"><strong>Chrome<\/strong><\/td>\n<td align=\"left\"><a href=\"http:\/\/support.google.com\/chrome\/answer\/95647?hl=es\" target=\"_blank\" rel=\"noopener noreferrer\">http:\/\/support.google.com\/chrome\/answer\/95647?hl=es<\/a><\/td>\n<\/tr>\n<tr>\n<td align=\"left\"><strong>Internet Explorer. Versi\u00f3n 11<\/strong><\/td>\n<td align=\"left\"><a href=\"https:\/\/support.microsoft.com\/es-es\/help\/278835\/how-to-delete-cookie-files-in-internet-explorer\" target=\"_blank\" rel=\"noopener noreferrer\">https:\/\/support.microsoft.com\/es-es\/help\/278835\/how-to-delete-cookie-files-in-internet-explorer<\/a><\/td>\n<\/tr>\n<tr>\n<td align=\"left\"><strong>Firefox. Versi\u00f3n 65.0.1<\/strong><\/td>\n<td align=\"left\"><a href=\"https:\/\/support.microsoft.com\/es-es\/help\/278835\/how-to-delete-cookie-files-in-internet-explorer\" target=\"_blank\" rel=\"noopener noreferrer\">https:\/\/support.microsoft.com\/es-es\/help\/278835\/how-to-delete-cookie-files-in-internet-explorer<\/a><\/td>\n<\/tr>\n<tr>\n<td align=\"left\"><strong>Safari Versi\u00f3n 5.1<\/strong><\/td>\n<td align=\"left\"><a href=\"https:\/\/support.apple.com\/es-es\/guide\/safari\/sfri11471\/mac\" target=\"_blank\" rel=\"noopener noreferrer\">https:\/\/support.apple.com\/es-es\/guide\/safari\/sfri11471\/mac<\/a><\/td>\n<\/tr>\n<tr>\n<td align=\"left\"><strong>Opera<\/strong><\/td>\n<td align=\"left\"><a href=\"https:\/\/help.opera.com\/en\/latest\/security-and-privacy\/#clearBrowsingData\" target=\"_blank\" rel=\"noopener noreferrer\">https:\/\/help.opera.com\/en\/latest\/security-and-privacy\/#clearBrowsingData<\/a><\/td>\n<\/tr>\n<\/tbody>\n<\/table>\n<\/div>\n<\/div>\n<\/div>\n<p>[\/et_pb_text][\/et_pb_column][\/et_pb_row][\/et_pb_section]<\/p>\n","protected":false},"excerpt":{"rendered":"<p>Pol\u00edtica de Cookies Informaci\u00f3n sobre cookies El dominio www.activacomunicacion.com utiliza procedimientos autom\u00e1ticos de recogida (Cookies) para reunir informaci\u00f3n personal como puede ser el tipo de navegador o sistema operativo, p\u00e1gina de referencia, ruta, dominio ISP (Proveedor de Internet), etc. todo ello con el fin de mejorar los servicios prestados. Las Cookies nos ayudan a adaptar [&hellip;]<\/p>\n","protected":false},"author":2,"featured_media":0,"parent":0,"menu_order":0,"comment_status":"closed","ping_status":"closed","template":"","meta":{"_et_pb_use_builder":"on","_et_pb_old_content":"","_et_gb_content_width":"","footnotes":""},"class_list":["post-2648","page","type-page","status-publish","hentry"],"_links":{"self":[{"href":"https:\/\/www.activacomunicacion.com\/index.php\/wp-json\/wp\/v2\/pages\/2648","targetHints":{"allow":["GET"]}}],"collection":[{"href":"https:\/\/www.activacomunicacion.com\/index.php\/wp-json\/wp\/v2\/pages"}],"about":[{"href":"https:\/\/www.activacomunicacion.com\/index.php\/wp-json\/wp\/v2\/types\/page"}],"author":[{"embeddable":true,"href":"https:\/\/www.activacomunicacion.com\/index.php\/wp-json\/wp\/v2\/users\/2"}],"replies":[{"embeddable":true,"href":"https:\/\/www.activacomunicacion.com\/index.php\/wp-json\/wp\/v2\/comments?post=2648"}],"version-history":[{"count":2,"href":"https:\/\/www.activacomunicacion.com\/index.php\/wp-json\/wp\/v2\/pages\/2648\/revisions"}],"predecessor-version":[{"id":2651,"href":"https:\/\/www.activacomunicacion.com\/index.php\/wp-json\/wp\/v2\/pages\/2648\/revisions\/2651"}],"wp:attachment":[{"href":"https:\/\/www.activacomunicacion.com\/index.php\/wp-json\/wp\/v2\/media?parent=2648"}],"curies":[{"name":"wp","href":"https:\/\/api.w.org\/{rel}","templated":true}]}}